{"id":1929,"date":"2021-05-11T08:07:00","date_gmt":"2021-05-11T08:07:00","guid":{"rendered":"http:\/\/www.nicdarkthemes.com\/themes\/seafood\/wp\/demo\/restaurant\/?post_type=product&#038;p=1929"},"modified":"2026-01-19T21:56:44","modified_gmt":"2026-01-19T21:56:44","slug":"appartement-a22","status":"publish","type":"product","link":"https:\/\/comens.africa\/en\/product\/appartement-a22\/","title":{"rendered":"Appartement A22"},"content":{"rendered":"<p><span style=\"font-weight: 400;\">D\u00e9couvrez la chambre A22, un magnifique appartement de 3 pi\u00e8ces offrant un espace confortable et moderne. Vous y trouverez un salon et une salle \u00e0 manger spacieux, deux chambres et deux salles de bain identiques. La cuisine est enti\u00e8rement \u00e9quip\u00e9e et fonctionnelle. Pour votre s\u00e9curit\u00e9, une cam\u00e9ra de surveillance est install\u00e9e et un v\u00e9lo sportif est \u00e0 votre disposition. Les pi\u00e8ces sont bien agenc\u00e9es avec un salon + salle \u00e0 manger de 36,46m\u00b2, une chambre principale de 17,81m\u00b2 et une chambre visiteur de 14,20m\u00b2.\u00a0<\/span><\/p>\n<p><span style=\"font-weight: 400;\">Les meubles ajoutent une touche d&rsquo;\u00e9l\u00e9gance, avec des fauteuils rouges, des tables vitr\u00e9es et des chaises grises. Profitez \u00e9galement d&rsquo;un acc\u00e8s \u00e0 Canal+, Netflix et \u00e0 une connexion internet \u00e0 fibre optique pour rester connect\u00e9 et vous divertir facilement. Un choix id\u00e9al pour un s\u00e9jour confortable et pratique.<\/span><\/p>","protected":false},"excerpt":{"rendered":"<p>Morbi malesuada imperdiet imperdiet. Fusce in neque a magna sagittis tincidunt sit amet facilisis purus. Etiam in semper arcu, quis vulputate nisl. Curabitur maximus orci a ex cursus consectetur.<\/p>\n<p>Fusce eu ante luctus ligula aliquam vestibulum. Sed non arcu sit amet nisl vestibulum posuere. Phasellus lorem nisl, porttitor in volutpat sit amet, congue malesuada neque. Orci varius natoque pena.<\/p>","protected":false},"featured_media":5601,"comment_status":"open","ping_status":"closed","template":"","meta":[],"product_brand":[],"product_cat":[37],"product_tag":[26],"class_list":{"0":"post-1929","1":"product","2":"type-product","3":"status-publish","4":"has-post-thumbnail","6":"product_cat-appartements","7":"product_tag-hotel","9":"first","10":"outofstock","11":"shipping-taxable","12":"purchasable","13":"product-type-simple"},"yoast_head":"<!-- This site is optimized with the Yoast SEO plugin v27.4 - https:\/\/yoast.com\/product\/yoast-seo-wordpress\/ -->\n<title>Appartement A22 - Comen&#039;s<\/title>\n<meta name=\"robots\" content=\"index, follow, max-snippet:-1, max-image-preview:large, max-video-preview:-1\" \/>\n<link rel=\"canonical\" href=\"https:\/\/comens.africa\/en\/product\/appartement-a22\/\" \/>\n<meta property=\"og:locale\" content=\"en_US\" \/>\n<meta property=\"og:type\" content=\"article\" \/>\n<meta property=\"og:title\" content=\"Appartement A22 - Comen&#039;s\" \/>\n<meta property=\"og:description\" content=\"Morbi malesuada imperdiet imperdiet. Fusce in neque a magna sagittis tincidunt sit amet facilisis purus. Etiam in semper arcu, quis vulputate nisl. Curabitur maximus orci a ex cursus consectetur.  Fusce eu ante luctus ligula aliquam vestibulum. Sed non arcu sit amet nisl vestibulum posuere. Phasellus lorem nisl, porttitor in volutpat sit amet, congue malesuada neque. Orci varius natoque pena.\" \/>\n<meta property=\"og:url\" content=\"https:\/\/comens.africa\/en\/product\/appartement-a22\/\" \/>\n<meta property=\"og:site_name\" content=\"Comen&#039;s\" \/>\n<meta property=\"article:modified_time\" content=\"2026-01-19T21:56:44+00:00\" \/>\n<meta property=\"og:image\" content=\"https:\/\/comens.africa\/wp-content\/uploads\/2021\/11\/shop-5.jpg\" \/>\n\t<meta property=\"og:image:width\" content=\"800\" \/>\n\t<meta property=\"og:image:height\" content=\"800\" \/>\n\t<meta property=\"og:image:type\" content=\"image\/jpeg\" \/>\n<meta name=\"twitter:card\" content=\"summary_large_image\" \/>\n<meta name=\"twitter:label1\" content=\"Est. reading time\" \/>\n\t<meta name=\"twitter:data1\" content=\"1 minute\" \/>\n<script type=\"application\/ld+json\" class=\"yoast-schema-graph\">{\"@context\":\"https:\\\/\\\/schema.org\",\"@graph\":[{\"@type\":\"WebPage\",\"@id\":\"https:\\\/\\\/comens.africa\\\/product\\\/appartement-a22\\\/\",\"url\":\"https:\\\/\\\/comens.africa\\\/product\\\/appartement-a22\\\/\",\"name\":\"Appartement A22 - Comen&#039;s\",\"isPartOf\":{\"@id\":\"http:\\\/\\\/comens.africa\\\/#website\"},\"primaryImageOfPage\":{\"@id\":\"https:\\\/\\\/comens.africa\\\/product\\\/appartement-a22\\\/#primaryimage\"},\"image\":{\"@id\":\"https:\\\/\\\/comens.africa\\\/product\\\/appartement-a22\\\/#primaryimage\"},\"thumbnailUrl\":\"https:\\\/\\\/comens.africa\\\/wp-content\\\/uploads\\\/2021\\\/11\\\/shop-5.jpg\",\"datePublished\":\"2021-05-11T08:07:00+00:00\",\"dateModified\":\"2026-01-19T21:56:44+00:00\",\"breadcrumb\":{\"@id\":\"https:\\\/\\\/comens.africa\\\/product\\\/appartement-a22\\\/#breadcrumb\"},\"inLanguage\":\"en-US\",\"potentialAction\":[{\"@type\":\"ReadAction\",\"target\":[\"https:\\\/\\\/comens.africa\\\/product\\\/appartement-a22\\\/\"]}]},{\"@type\":\"ImageObject\",\"inLanguage\":\"en-US\",\"@id\":\"https:\\\/\\\/comens.africa\\\/product\\\/appartement-a22\\\/#primaryimage\",\"url\":\"https:\\\/\\\/comens.africa\\\/wp-content\\\/uploads\\\/2021\\\/11\\\/shop-5.jpg\",\"contentUrl\":\"https:\\\/\\\/comens.africa\\\/wp-content\\\/uploads\\\/2021\\\/11\\\/shop-5.jpg\",\"width\":800,\"height\":800},{\"@type\":\"BreadcrumbList\",\"@id\":\"https:\\\/\\\/comens.africa\\\/product\\\/appartement-a22\\\/#breadcrumb\",\"itemListElement\":[{\"@type\":\"ListItem\",\"position\":1,\"name\":\"Home\",\"item\":\"https:\\\/\\\/comens.africa\\\/\"},{\"@type\":\"ListItem\",\"position\":2,\"name\":\"Shop\",\"item\":\"https:\\\/\\\/comens.africa\\\/shop\\\/\"},{\"@type\":\"ListItem\",\"position\":3,\"name\":\"Appartement A22\"}]},{\"@type\":\"WebSite\",\"@id\":\"http:\\\/\\\/comens.africa\\\/#website\",\"url\":\"http:\\\/\\\/comens.africa\\\/\",\"name\":\"Comen&#039;s\",\"description\":\"\",\"potentialAction\":[{\"@type\":\"SearchAction\",\"target\":{\"@type\":\"EntryPoint\",\"urlTemplate\":\"http:\\\/\\\/comens.africa\\\/?s={search_term_string}\"},\"query-input\":{\"@type\":\"PropertyValueSpecification\",\"valueRequired\":true,\"valueName\":\"search_term_string\"}}],\"inLanguage\":\"en-US\"}]}<\/script>\n<!-- \/ Yoast SEO plugin. -->","yoast_head_json":{"title":"Appartement A22 - Comen&#039;s","robots":{"index":"index","follow":"follow","max-snippet":"max-snippet:-1","max-image-preview":"max-image-preview:large","max-video-preview":"max-video-preview:-1"},"canonical":"https:\/\/comens.africa\/en\/product\/appartement-a22\/","og_locale":"en_US","og_type":"article","og_title":"Appartement A22 - Comen&#039;s","og_description":"Morbi malesuada imperdiet imperdiet. Fusce in neque a magna sagittis tincidunt sit amet facilisis purus. Etiam in semper arcu, quis vulputate nisl. Curabitur maximus orci a ex cursus consectetur.  Fusce eu ante luctus ligula aliquam vestibulum. Sed non arcu sit amet nisl vestibulum posuere. Phasellus lorem nisl, porttitor in volutpat sit amet, congue malesuada neque. Orci varius natoque pena.","og_url":"https:\/\/comens.africa\/en\/product\/appartement-a22\/","og_site_name":"Comen&#039;s","article_modified_time":"2026-01-19T21:56:44+00:00","og_image":[{"width":800,"height":800,"url":"https:\/\/comens.africa\/wp-content\/uploads\/2021\/11\/shop-5.jpg","type":"image\/jpeg"}],"twitter_card":"summary_large_image","twitter_misc":{"Est. reading time":"1 minute"},"schema":{"@context":"https:\/\/schema.org","@graph":[{"@type":"WebPage","@id":"https:\/\/comens.africa\/product\/appartement-a22\/","url":"https:\/\/comens.africa\/product\/appartement-a22\/","name":"Appartement A22 - Comen&#039;s","isPartOf":{"@id":"http:\/\/comens.africa\/#website"},"primaryImageOfPage":{"@id":"https:\/\/comens.africa\/product\/appartement-a22\/#primaryimage"},"image":{"@id":"https:\/\/comens.africa\/product\/appartement-a22\/#primaryimage"},"thumbnailUrl":"https:\/\/comens.africa\/wp-content\/uploads\/2021\/11\/shop-5.jpg","datePublished":"2021-05-11T08:07:00+00:00","dateModified":"2026-01-19T21:56:44+00:00","breadcrumb":{"@id":"https:\/\/comens.africa\/product\/appartement-a22\/#breadcrumb"},"inLanguage":"en-US","potentialAction":[{"@type":"ReadAction","target":["https:\/\/comens.africa\/product\/appartement-a22\/"]}]},{"@type":"ImageObject","inLanguage":"en-US","@id":"https:\/\/comens.africa\/product\/appartement-a22\/#primaryimage","url":"https:\/\/comens.africa\/wp-content\/uploads\/2021\/11\/shop-5.jpg","contentUrl":"https:\/\/comens.africa\/wp-content\/uploads\/2021\/11\/shop-5.jpg","width":800,"height":800},{"@type":"BreadcrumbList","@id":"https:\/\/comens.africa\/product\/appartement-a22\/#breadcrumb","itemListElement":[{"@type":"ListItem","position":1,"name":"Home","item":"https:\/\/comens.africa\/"},{"@type":"ListItem","position":2,"name":"Shop","item":"https:\/\/comens.africa\/shop\/"},{"@type":"ListItem","position":3,"name":"Appartement A22"}]},{"@type":"WebSite","@id":"http:\/\/comens.africa\/#website","url":"http:\/\/comens.africa\/","name":"Comen&#039;s","description":"","potentialAction":[{"@type":"SearchAction","target":{"@type":"EntryPoint","urlTemplate":"http:\/\/comens.africa\/?s={search_term_string}"},"query-input":{"@type":"PropertyValueSpecification","valueRequired":true,"valueName":"search_term_string"}}],"inLanguage":"en-US"}]}},"_links":{"self":[{"href":"https:\/\/comens.africa\/en\/wp-json\/wp\/v2\/product\/1929","targetHints":{"allow":["GET"]}}],"collection":[{"href":"https:\/\/comens.africa\/en\/wp-json\/wp\/v2\/product"}],"about":[{"href":"https:\/\/comens.africa\/en\/wp-json\/wp\/v2\/types\/product"}],"replies":[{"embeddable":true,"href":"https:\/\/comens.africa\/en\/wp-json\/wp\/v2\/comments?post=1929"}],"wp:featuredmedia":[{"embeddable":true,"href":"https:\/\/comens.africa\/en\/wp-json\/wp\/v2\/media\/5601"}],"wp:attachment":[{"href":"https:\/\/comens.africa\/en\/wp-json\/wp\/v2\/media?parent=1929"}],"wp:term":[{"taxonomy":"product_brand","embeddable":true,"href":"https:\/\/comens.africa\/en\/wp-json\/wp\/v2\/product_brand?post=1929"},{"taxonomy":"product_cat","embeddable":true,"href":"https:\/\/comens.africa\/en\/wp-json\/wp\/v2\/product_cat?post=1929"},{"taxonomy":"product_tag","embeddable":true,"href":"https:\/\/comens.africa\/en\/wp-json\/wp\/v2\/product_tag?post=1929"}],"curies":[{"name":"wp","href":"https:\/\/api.w.org\/{rel}","templated":true}]}}